{"id":191,"date":"2024-04-09T18:21:06","date_gmt":"2024-04-09T16:21:06","guid":{"rendered":"https:\/\/www.profinetworks.sk\/?page_id=191"},"modified":"2024-04-09T18:41:39","modified_gmt":"2024-04-09T16:41:39","slug":"servis-pc","status":"publish","type":"page","link":"https:\/\/www.profinetworks.sk\/index.php\/servis-pc\/","title":{"rendered":"Servis PC"},"content":{"rendered":"\n<figure class=\"wp-block-image size-large\"><img loading=\"lazy\" decoding=\"async\" width=\"2560\" height=\"1439\" src=\"https:\/\/www.profinetworks.sk\/wp-content\/uploads\/2024\/04\/artiom-vallat-mx9axbKqKW8-unsplash-edited-scaled.jpg\" alt=\"\" class=\"wp-image-217\" srcset=\"https:\/\/www.profinetworks.sk\/wp-content\/uploads\/2024\/04\/artiom-vallat-mx9axbKqKW8-unsplash-edited-scaled.jpg 2560w, https:\/\/www.profinetworks.sk\/wp-content\/uploads\/2024\/04\/artiom-vallat-mx9axbKqKW8-unsplash-edited-300x169.jpg 300w, https:\/\/www.profinetworks.sk\/wp-content\/uploads\/2024\/04\/artiom-vallat-mx9axbKqKW8-unsplash-edited-1024x576.jpg 1024w, https:\/\/www.profinetworks.sk\/wp-content\/uploads\/2024\/04\/artiom-vallat-mx9axbKqKW8-unsplash-edited-768x432.jpg 768w, https:\/\/www.profinetworks.sk\/wp-content\/uploads\/2024\/04\/artiom-vallat-mx9axbKqKW8-unsplash-edited-1536x863.jpg 1536w, https:\/\/www.profinetworks.sk\/wp-content\/uploads\/2024\/04\/artiom-vallat-mx9axbKqKW8-unsplash-edited-2048x1151.jpg 2048w, https:\/\/www.profinetworks.sk\/wp-content\/uploads\/2024\/04\/artiom-vallat-mx9axbKqKW8-unsplash-edited-107x60.jpg 107w\" sizes=\"auto, (max-width: 2560px) 100vw, 2560px\" \/><\/figure>\n\n\n\n<p>Servis PC je neoddelite\u013enou s\u00fa\u010das\u0165ou ka\u017edodenn\u00e9ho fungovania modern\u00fdch podnikov a dom\u00e1cnost\u00ed. T\u00e1to slu\u017eba poskytuje odborn\u00fa pomoc pri diagnostike, oprav\u00e1ch a \u00fadr\u017ebe po\u010d\u00edta\u010dov a pridru\u017een\u00e9ho hardv\u00e9ru a softv\u00e9ru.<\/p>\n\n\n\n<p>Profesion\u00e1lny servis PC zah\u0155\u0148a rie\u0161enie r\u00f4znych technick\u00fdch probl\u00e9mov, ako s\u00fa po\u0161koden\u00e9 s\u00fa\u010diastky, chyby v softv\u00e9ri, probl\u00e9my so zobrazen\u00edm obrazovky a in\u00e9. Servisn\u00ed technici maj\u00fa \u0161irok\u00fa \u0161k\u00e1lu sk\u00fasenost\u00ed a znalost\u00ed, aby mohli r\u00fdchlo a efekt\u00edvne rie\u0161i\u0165 ak\u00e9ko\u013evek probl\u00e9my, ktor\u00e9 sa m\u00f4\u017eu vyskytn\u00fa\u0165.<\/p>\n\n\n\n<p>Okrem diagnostiky a opr\u00e1v poskytuje servis PC aj \u010fal\u0161ie slu\u017eby, ako s\u00fa \u010distenie a \u00fadr\u017eba po\u010d\u00edta\u010dov\u00fdch syst\u00e9mov, in\u0161tal\u00e1cia aktualiz\u00e1ci\u00ed softv\u00e9ru a hardv\u00e9ru, obnovenie d\u00e1t a z\u00e1lohovanie inform\u00e1ci\u00ed.<\/p>\n\n\n\n<p>Servis PC je k\u013e\u00fa\u010dov\u00fdm prvkom pre zabezpe\u010denie bezprobl\u00e9mov\u00e9ho a spo\u013eahliv\u00e9ho fungovania po\u010d\u00edta\u010dov\u00fdch zariaden\u00ed. Invest\u00edcia do profesion\u00e1lnej slu\u017eby servisu PC m\u00f4\u017ee u\u0161etri\u0165 \u010das a peniaze t\u00fdm, \u017ee minimalizuje v\u00fdpadky a zvy\u0161uje v\u00fdkonnos\u0165 po\u010d\u00edta\u010dov\u00fdch syst\u00e9mov.<\/p>\n","protected":false},"excerpt":{"rendered":"<p>Servis PC je neoddelite\u013enou s\u00fa\u010das\u0165ou ka\u017edodenn\u00e9ho fungovania modern\u00fdch podnikov a dom\u00e1cnost\u00ed. T\u00e1to slu\u017eba poskytuje odborn\u00fa pomoc pri diagnostike, oprav\u00e1ch a \u00fadr\u017ebe po\u010d\u00edta\u010dov a pridru\u017een\u00e9ho hardv\u00e9ru a softv\u00e9ru. Profesion\u00e1lny servis PC zah\u0155\u0148a rie\u0161enie r\u00f4znych technick\u00fdch probl\u00e9mov, ako s\u00fa po\u0161koden\u00e9 s\u00fa\u010diastky, chyby v softv\u00e9ri, probl\u00e9my so zobrazen\u00edm obrazovky a in\u00e9. Servisn\u00ed technici maj\u00fa \u0161irok\u00fa \u0161k\u00e1lu sk\u00fasenost\u00ed a &hellip; <\/p>\n","protected":false},"author":1,"featured_media":0,"parent":0,"menu_order":0,"comment_status":"closed","ping_status":"closed","template":"","meta":{"footnotes":""},"class_list":["post-191","page","type-page","status-publish","hentry"],"_links":{"self":[{"href":"https:\/\/www.profinetworks.sk\/index.php\/wp-json\/wp\/v2\/pages\/191","targetHints":{"allow":["GET"]}}],"collection":[{"href":"https:\/\/www.profinetworks.sk\/index.php\/wp-json\/wp\/v2\/pages"}],"about":[{"href":"https:\/\/www.profinetworks.sk\/index.php\/wp-json\/wp\/v2\/types\/page"}],"author":[{"embeddable":true,"href":"https:\/\/www.profinetworks.sk\/index.php\/wp-json\/wp\/v2\/users\/1"}],"replies":[{"embeddable":true,"href":"https:\/\/www.profinetworks.sk\/index.php\/wp-json\/wp\/v2\/comments?post=191"}],"version-history":[{"count":2,"href":"https:\/\/www.profinetworks.sk\/index.php\/wp-json\/wp\/v2\/pages\/191\/revisions"}],"predecessor-version":[{"id":218,"href":"https:\/\/www.profinetworks.sk\/index.php\/wp-json\/wp\/v2\/pages\/191\/revisions\/218"}],"wp:attachment":[{"href":"https:\/\/www.profinetworks.sk\/index.php\/wp-json\/wp\/v2\/media?parent=191"}],"curies":[{"name":"wp","href":"https:\/\/api.w.org\/{rel}","templated":true}]}}