{"id":194,"date":"2024-04-09T18:24:50","date_gmt":"2024-04-09T16:24:50","guid":{"rendered":"https:\/\/www.profinetworks.sk\/?page_id=194"},"modified":"2024-11-10T09:39:36","modified_gmt":"2024-11-10T08:39:36","slug":"predaj-hardveru","status":"publish","type":"page","link":"https:\/\/www.profinetworks.sk\/index.php\/predaj-hardveru\/","title":{"rendered":"Predaj hardv\u00e9ru"},"content":{"rendered":"\n<figure class=\"wp-block-image size-large\"><img loading=\"lazy\" decoding=\"async\" width=\"1024\" height=\"576\" src=\"https:\/\/www.profinetworks.sk\/wp-content\/uploads\/2024\/03\/qtq80-A41G5K-1024x576.jpeg\" alt=\"\" class=\"wp-image-106\" srcset=\"https:\/\/www.profinetworks.sk\/wp-content\/uploads\/2024\/03\/qtq80-A41G5K-1024x576.jpeg 1024w, https:\/\/www.profinetworks.sk\/wp-content\/uploads\/2024\/03\/qtq80-A41G5K-300x169.jpeg 300w, https:\/\/www.profinetworks.sk\/wp-content\/uploads\/2024\/03\/qtq80-A41G5K-768x432.jpeg 768w, https:\/\/www.profinetworks.sk\/wp-content\/uploads\/2024\/03\/qtq80-A41G5K-1000x562.jpeg 1000w, https:\/\/www.profinetworks.sk\/wp-content\/uploads\/2024\/03\/qtq80-A41G5K-230x129.jpeg 230w, https:\/\/www.profinetworks.sk\/wp-content\/uploads\/2024\/03\/qtq80-A41G5K-350x197.jpeg 350w, https:\/\/www.profinetworks.sk\/wp-content\/uploads\/2024\/03\/qtq80-A41G5K-480x270.jpeg 480w, https:\/\/www.profinetworks.sk\/wp-content\/uploads\/2024\/03\/qtq80-A41G5K.jpeg 1366w\" sizes=\"auto, (max-width: 1024px) 100vw, 1024px\" \/><\/figure>\n\n\n\n<p><strong>Spo\u013eahliv\u00fd Partner pre Va\u0161e IT Hardv\u00e9rov\u00e9 Potreby<\/strong><\/p>\n\n\n\n<p><em>Na\u0161a spolo\u010dnos\u0165 je tu pre v\u00e1s s cie\u013eom prin\u00e1\u0161a\u0165 najnov\u0161ie technologick\u00e9 inov\u00e1cie priamo k v\u00e1m, aby ste mohli dosiahnu\u0165 svoje ciele bez ak\u00fdchko\u013evek obmedzen\u00ed.<\/em><\/p>\n\n\n\n<hr class=\"wp-block-separator has-alpha-channel-opacity\"\/>\n\n\n\n<h3 class=\"wp-block-heading\">\ud83c\udfaf <strong>\u010co v\u00e1m pon\u00fakame?<\/strong><br><\/h3>\n\n\n\n<h4 class=\"wp-block-heading\">\ud83d\udcbb <strong>\u0160irok\u00fd v\u00fdber IT hardv\u00e9ru<\/strong><\/h4>\n\n\n\n<p>\u010ci u\u017e h\u013ead\u00e1te v\u00fdkonn\u00fd po\u010d\u00edta\u010d pre va\u0161e podnikanie, modern\u00fd notebook na osobn\u00e9 \u00fa\u010dely, alebo inovat\u00edvne zariadenie pre dom\u00e1ce rozpt\u00fdlenie, m\u00e1me pre v\u00e1s to prav\u00e9. Na\u0161a ponuka obsahuje:<\/p>\n\n\n\n<ul class=\"wp-block-list\">\n<li>Po\u010d\u00edta\u010de a notebooky<\/li>\n\n\n\n<li>Monitory a tla\u010diarne<\/li>\n\n\n\n<li>Perif\u00e9rie a \u010fal\u0161ie pr\u00edslu\u0161enstvo<\/li>\n<\/ul>\n\n\n\n<hr class=\"wp-block-separator has-alpha-channel-opacity\"\/>\n\n\n\n<h3 class=\"wp-block-heading\"><strong>Pre\u010do nakupova\u0165 u n\u00e1s?<\/strong><\/h3>\n\n\n\n<h4 class=\"wp-block-heading\">\u2705 <strong>Kvalita a spo\u013eahlivos\u0165<\/strong><\/h4>\n\n\n\n<p>Ka\u017ed\u00fd produkt starostlivo vyber\u00e1me a testujeme, aby sme zabezpe\u010dili jeho vysok\u00fa kvalitu a dlhodob\u00fa spo\u013eahlivos\u0165.<\/p>\n\n\n\n<hr class=\"wp-block-separator has-alpha-channel-opacity\"\/>\n\n\n\n<h4 class=\"wp-block-heading\">\ud83d\udce6 <strong>\u0160irok\u00e1 ponuka<\/strong><\/h4>\n\n\n\n<p>Sme hrd\u00ed na na\u0161u rozmanit\u00fa ponuku produktov. \u010ci potrebujete po\u010d\u00edta\u010de, notebooky, monitory, tla\u010diarne alebo perif\u00e9rie, u n\u00e1s n\u00e1jdete v\u0161etko pod jednou strechou.<\/p>\n\n\n\n<hr class=\"wp-block-separator has-alpha-channel-opacity\"\/>\n\n\n\n<h4 class=\"wp-block-heading\">\ud83e\udd1d <strong>Profesion\u00e1lny a priate\u013esk\u00fd servis<\/strong><\/h4>\n\n\n\n<p>Na\u0161i sk\u00fasen\u00ed odborn\u00edci v\u00e1m radi pom\u00f4\u017eu s v\u00fdberom spr\u00e1vneho produktu a zabezpe\u010dia technick\u00fa podporu. Db\u00e1me na to, aby ste mali jednoduch\u00e9 a bezprobl\u00e9mov\u00e9 nakupovanie.<\/p>\n\n\n\n<hr class=\"wp-block-separator has-alpha-channel-opacity\"\/>\n\n\n\n<h4 class=\"wp-block-heading\">\ud83d\udcb0 <strong>Konkuren\u010dn\u00e9 ceny<\/strong><\/h4>\n\n\n\n<p>Pon\u00fakame konkuren\u010dn\u00e9 ceny bez kompromisov s kvalitou, aby ste v\u017edy dostali maxim\u00e1lnu hodnotu za svoje peniaze.<\/p>\n\n\n\n<hr class=\"wp-block-separator has-alpha-channel-opacity\"\/>\n\n\n\n<h4 class=\"wp-block-heading\">\ud83c\udf1f <strong>Nakupovanie hardv\u00e9ru bez stresu<\/strong><\/h4>\n\n\n\n<p><em>U\u013eah\u010dite si v\u00fdber a nakupovanie IT hardv\u00e9ru s na\u0161ou pomocou. U n\u00e1s z\u00edskate spo\u013eahliv\u00fd produkt, ktor\u00fd vyhovuje va\u0161im potreb\u00e1m a o\u010dak\u00e1vaniam.<\/em><\/p>\n\n\n\n<p>Pr\u00ed\u010fte si vybra\u0165! <strong>Va\u0161a spokojnos\u0165 je na\u0161ou prioritou.<\/strong><\/p>\n","protected":false},"excerpt":{"rendered":"<p>Spo\u013eahliv\u00fd Partner pre Va\u0161e IT Hardv\u00e9rov\u00e9 Potreby Na\u0161a spolo\u010dnos\u0165 je tu pre v\u00e1s s cie\u013eom prin\u00e1\u0161a\u0165 najnov\u0161ie technologick\u00e9 inov\u00e1cie priamo k v\u00e1m, aby ste mohli dosiahnu\u0165 svoje ciele bez ak\u00fdchko\u013evek obmedzen\u00ed. \ud83c\udfaf \u010co v\u00e1m pon\u00fakame? \ud83d\udcbb \u0160irok\u00fd v\u00fdber IT hardv\u00e9ru \u010ci u\u017e h\u013ead\u00e1te v\u00fdkonn\u00fd po\u010d\u00edta\u010d pre va\u0161e podnikanie, modern\u00fd notebook na osobn\u00e9 \u00fa\u010dely, alebo inovat\u00edvne &hellip; <\/p>\n","protected":false},"author":1,"featured_media":0,"parent":0,"menu_order":0,"comment_status":"closed","ping_status":"closed","template":"","meta":{"footnotes":""},"class_list":["post-194","page","type-page","status-publish","hentry"],"_links":{"self":[{"href":"https:\/\/www.profinetworks.sk\/index.php\/wp-json\/wp\/v2\/pages\/194","targetHints":{"allow":["GET"]}}],"collection":[{"href":"https:\/\/www.profinetworks.sk\/index.php\/wp-json\/wp\/v2\/pages"}],"about":[{"href":"https:\/\/www.profinetworks.sk\/index.php\/wp-json\/wp\/v2\/types\/page"}],"author":[{"embeddable":true,"href":"https:\/\/www.profinetworks.sk\/index.php\/wp-json\/wp\/v2\/users\/1"}],"replies":[{"embeddable":true,"href":"https:\/\/www.profinetworks.sk\/index.php\/wp-json\/wp\/v2\/comments?post=194"}],"version-history":[{"count":5,"href":"https:\/\/www.profinetworks.sk\/index.php\/wp-json\/wp\/v2\/pages\/194\/revisions"}],"predecessor-version":[{"id":452,"href":"https:\/\/www.profinetworks.sk\/index.php\/wp-json\/wp\/v2\/pages\/194\/revisions\/452"}],"wp:attachment":[{"href":"https:\/\/www.profinetworks.sk\/index.php\/wp-json\/wp\/v2\/media?parent=194"}],"curies":[{"name":"wp","href":"https:\/\/api.w.org\/{rel}","templated":true}]}}