{"id":197,"date":"2024-04-09T18:26:21","date_gmt":"2024-04-09T16:26:21","guid":{"rendered":"https:\/\/www.profinetworks.sk\/?page_id=197"},"modified":"2024-11-10T09:41:50","modified_gmt":"2024-11-10T08:41:50","slug":"predaj-softveru","status":"publish","type":"page","link":"https:\/\/www.profinetworks.sk\/index.php\/predaj-softveru\/","title":{"rendered":"Predaj softv\u00e9ru"},"content":{"rendered":"\n<p><strong>Spo\u013eahliv\u00fd Partner pre Va\u0161e Softv\u00e9rov\u00e9 Potreby<\/strong><\/p>\n\n\n\n<p><em>Na\u0161a spolo\u010dnos\u0165 je tu pre v\u00e1s, aby v\u00e1m priniesla najnov\u0161ie a najefekt\u00edvnej\u0161ie softv\u00e9rov\u00e9 rie\u0161enia, ktor\u00e9 v\u00e1m pom\u00f4\u017eu dosiahnu\u0165 va\u0161e ciele bez ak\u00fdchko\u013evek starost\u00ed.<\/em><\/p>\n\n\n\n<hr class=\"wp-block-separator has-alpha-channel-opacity\"\/>\n\n\n\n<h3 class=\"wp-block-heading\">\ud83c\udf10 <strong>\u0160irok\u00fd V\u00fdber Softv\u00e9rov\u00fdch Rie\u0161en\u00ed<\/strong><\/h3>\n\n\n\n<p>\u010ci u\u017e potrebujete:<\/p>\n\n\n\n<ul class=\"wp-block-list\">\n<li><strong>Opera\u010dn\u00fd syst\u00e9m<\/strong> pre nov\u00fd po\u010d\u00edta\u010d,<\/li>\n\n\n\n<li><strong>Produktivitu zvy\u0161uj\u00face programy<\/strong> pre podnikanie,<\/li>\n\n\n\n<li><strong>Kreat\u00edvne n\u00e1stroje<\/strong> pre va\u0161e projekty,<\/li>\n<\/ul>\n\n\n\n<p>sme tu, aby sme v\u00e1m pomohli n\u00e1js\u0165 to najlep\u0161ie rie\u0161enie. Na\u0161a ponuka zah\u0155\u0148a produkty od popredn\u00fdch v\u00fdrobcov, \u010do zaru\u010duje kvalitu a spo\u013eahlivos\u0165.<\/p>\n\n\n\n<hr class=\"wp-block-separator has-alpha-channel-opacity\"\/>\n\n\n\n<h3 class=\"wp-block-heading\"><strong>Pre\u010do nakupova\u0165 softv\u00e9r u n\u00e1s?<\/strong><\/h3>\n\n\n\n<h4 class=\"wp-block-heading\">\ud83d\udee1\ufe0f <strong>Aktu\u00e1lne a Licencovan\u00e9 Produkty<\/strong><\/h4>\n\n\n\n<p>Pon\u00fakame len aktu\u00e1lne a licencovan\u00e9 softv\u00e9rov\u00e9 produkty od overen\u00fdch v\u00fdrobcov, \u010do v\u00e1m zabezpe\u010duje bezpe\u010dnos\u0165 a spo\u013eahlivos\u0165 pri pou\u017e\u00edvan\u00ed.<\/p>\n\n\n\n<hr class=\"wp-block-separator has-alpha-channel-opacity\"\/>\n\n\n\n<h4 class=\"wp-block-heading\">\ud83d\uddc2\ufe0f <strong>\u0160irok\u00e1 ponuka softv\u00e9rov\u00fdch rie\u0161en\u00ed<\/strong><\/h4>\n\n\n\n<p><br>N\u00e1\u0161 sortiment zah\u0155\u0148a:<\/p>\n\n\n\n<ul class=\"wp-block-list\">\n<li>Opera\u010dn\u00e9 syst\u00e9my<\/li>\n\n\n\n<li>Kancel\u00e1rske bal\u00edky<\/li>\n\n\n\n<li>N\u00e1stroje pre program\u00e1torov<\/li>\n\n\n\n<li>Bezpe\u010dnostn\u00e9 softv\u00e9ry a \u010fal\u0161ie<\/li>\n<\/ul>\n\n\n\n<p>Nech u\u017e m\u00e1te ak\u00e9ko\u013evek softv\u00e9rov\u00e9 potreby, sme tu, aby sme v\u00e1m pomohli s v\u00fdberom.<\/p>\n\n\n\n<hr class=\"wp-block-separator has-alpha-channel-opacity\"\/>\n\n\n\n<h4 class=\"wp-block-heading\">\ud83e\udd1d <strong>Profesion\u00e1lna podpora a poradenstvo<\/strong><\/h4>\n\n\n\n<p>Na\u0161i sk\u00fasen\u00ed odborn\u00edci v\u00e1m radi pom\u00f4\u017eu vybra\u0165 spr\u00e1vny softv\u00e9r, ktor\u00fd najlep\u0161ie vyhovuje va\u0161im potreb\u00e1m, a zabezpe\u010dia technick\u00fa podporu.<\/p>\n\n\n\n<hr class=\"wp-block-separator has-alpha-channel-opacity\"\/>\n\n\n\n<h4 class=\"wp-block-heading\">\u26a1 <strong>R\u00fdchly a Jednoduch\u00fd Proces N\u00e1kupu<\/strong><\/h4>\n\n\n\n<p>S na\u0161\u00edm intuit\u00edvnym procesom n\u00e1kupu m\u00f4\u017eete z\u00edska\u0165 po\u017eadovan\u00fd softv\u00e9r r\u00fdchlo a jednoducho.<\/p>\n\n\n\n<hr class=\"wp-block-separator has-alpha-channel-opacity\"\/>\n\n\n\n<h4 class=\"wp-block-heading\">\ud83c\udf1f <strong>Nakupovanie Softv\u00e9ru bez Zlo\u017eitost\u00ed<\/strong><\/h4>\n\n\n\n<p><em>Vyberte si softv\u00e9r bez starost\u00ed. S na\u0161ou pomocou m\u00e1te istotu, \u017ee z\u00edskate kvalitn\u00fd produkt, ktor\u00fd bude dokonale vyhovova\u0165 va\u0161im potreb\u00e1m.<\/em><\/p>\n\n\n\n<p><strong>Po\u010fte si vybra\u0165! Va\u0161a spokojnos\u0165 je na\u0161ou prioritou.<\/strong>resved\u010dte sa sami, pre\u010do sme va\u0161\u00edm najlep\u0161\u00edm miestom pre n\u00e1kup softv\u00e9ru!<\/p>\n","protected":false},"excerpt":{"rendered":"<p>Spo\u013eahliv\u00fd Partner pre Va\u0161e Softv\u00e9rov\u00e9 Potreby Na\u0161a spolo\u010dnos\u0165 je tu pre v\u00e1s, aby v\u00e1m priniesla najnov\u0161ie a najefekt\u00edvnej\u0161ie softv\u00e9rov\u00e9 rie\u0161enia, ktor\u00e9 v\u00e1m pom\u00f4\u017eu dosiahnu\u0165 va\u0161e ciele bez ak\u00fdchko\u013evek starost\u00ed. \ud83c\udf10 \u0160irok\u00fd V\u00fdber Softv\u00e9rov\u00fdch Rie\u0161en\u00ed \u010ci u\u017e potrebujete: sme tu, aby sme v\u00e1m pomohli n\u00e1js\u0165 to najlep\u0161ie rie\u0161enie. Na\u0161a ponuka zah\u0155\u0148a produkty od popredn\u00fdch v\u00fdrobcov, \u010do &hellip; <\/p>\n","protected":false},"author":1,"featured_media":0,"parent":0,"menu_order":0,"comment_status":"closed","ping_status":"closed","template":"","meta":{"footnotes":""},"class_list":["post-197","page","type-page","status-publish","hentry"],"_links":{"self":[{"href":"https:\/\/www.profinetworks.sk\/index.php\/wp-json\/wp\/v2\/pages\/197","targetHints":{"allow":["GET"]}}],"collection":[{"href":"https:\/\/www.profinetworks.sk\/index.php\/wp-json\/wp\/v2\/pages"}],"about":[{"href":"https:\/\/www.profinetworks.sk\/index.php\/wp-json\/wp\/v2\/types\/page"}],"author":[{"embeddable":true,"href":"https:\/\/www.profinetworks.sk\/index.php\/wp-json\/wp\/v2\/users\/1"}],"replies":[{"embeddable":true,"href":"https:\/\/www.profinetworks.sk\/index.php\/wp-json\/wp\/v2\/comments?post=197"}],"version-history":[{"count":4,"href":"https:\/\/www.profinetworks.sk\/index.php\/wp-json\/wp\/v2\/pages\/197\/revisions"}],"predecessor-version":[{"id":457,"href":"https:\/\/www.profinetworks.sk\/index.php\/wp-json\/wp\/v2\/pages\/197\/revisions\/457"}],"wp:attachment":[{"href":"https:\/\/www.profinetworks.sk\/index.php\/wp-json\/wp\/v2\/media?parent=197"}],"curies":[{"name":"wp","href":"https:\/\/api.w.org\/{rel}","templated":true}]}}