{"id":221,"date":"2024-04-09T18:49:39","date_gmt":"2024-04-09T16:49:39","guid":{"rendered":"https:\/\/www.profinetworks.sk\/?page_id=221"},"modified":"2024-04-09T18:49:39","modified_gmt":"2024-04-09T16:49:39","slug":"tvorba-webov","status":"publish","type":"page","link":"https:\/\/www.profinetworks.sk\/index.php\/tvorba-webov\/","title":{"rendered":"Tvorba webov"},"content":{"rendered":"\n<figure class=\"wp-block-image size-large\"><img loading=\"lazy\" decoding=\"async\" width=\"1024\" height=\"416\" src=\"https:\/\/www.profinetworks.sk\/wp-content\/uploads\/2024\/03\/cropped-luca-bravo-XJXWbfSo2f0-unsplash-scaled-1-1024x416.jpg\" alt=\"\" class=\"wp-image-153\" srcset=\"https:\/\/www.profinetworks.sk\/wp-content\/uploads\/2024\/03\/cropped-luca-bravo-XJXWbfSo2f0-unsplash-scaled-1-1024x416.jpg 1024w, https:\/\/www.profinetworks.sk\/wp-content\/uploads\/2024\/03\/cropped-luca-bravo-XJXWbfSo2f0-unsplash-scaled-1-300x122.jpg 300w, https:\/\/www.profinetworks.sk\/wp-content\/uploads\/2024\/03\/cropped-luca-bravo-XJXWbfSo2f0-unsplash-scaled-1-768x312.jpg 768w, https:\/\/www.profinetworks.sk\/wp-content\/uploads\/2024\/03\/cropped-luca-bravo-XJXWbfSo2f0-unsplash-scaled-1-1536x624.jpg 1536w, https:\/\/www.profinetworks.sk\/wp-content\/uploads\/2024\/03\/cropped-luca-bravo-XJXWbfSo2f0-unsplash-scaled-1-148x60.jpg 148w, https:\/\/www.profinetworks.sk\/wp-content\/uploads\/2024\/03\/cropped-luca-bravo-XJXWbfSo2f0-unsplash-scaled-1.jpg 1920w\" sizes=\"auto, (max-width: 1024px) 100vw, 1024px\" \/><\/figure>\n\n\n\n<p>Sme v\u00e1\u0161 spo\u013eahliv\u00fd partner pre vytv\u00e1ranie modern\u00fdch a atrakt\u00edvnych webov\u00fdch str\u00e1nok, ktor\u00e9 pom\u00f4\u017eu posilni\u0165 va\u0161u online pr\u00edtomnos\u0165 a dosiahnu\u0165 va\u0161e podnikate\u013esk\u00e9 ciele. S na\u0161\u00edm sk\u00fasen\u00fdm t\u00edmom dizajn\u00e9rov a v\u00fdvoj\u00e1rov sme pripraven\u00ed poskytn\u00fa\u0165 v\u00e1m webov\u00e9 rie\u0161enia, ktor\u00e9 presne vyhovuj\u00fa va\u0161im potreb\u00e1m a o\u010dak\u00e1vaniam.<\/p>\n\n\n\n<p>Na\u0161a slu\u017eba Tvorba webov\u00fdch str\u00e1nok zah\u0155\u0148a:<\/p>\n\n\n\n<ol class=\"wp-block-list\">\n<li><strong>Grafick\u00fd dizajn a pou\u017e\u00edvate\u013esk\u00e9 rozhranie<\/strong>: Na\u0161i talentovan\u00ed dizajn\u00e9ri pracuj\u00fa s vami na vytvoren\u00ed \u0161t\u00fdlov\u00e9ho a preh\u013eadn\u00e9ho dizajnu, ktor\u00fd zaujme va\u0161ich n\u00e1v\u0161tevn\u00edkov a zanech\u00e1 pozit\u00edvny dojem.<\/li>\n\n\n\n<li><strong>Respons\u00edvny design<\/strong>: Zabezpe\u010dujeme, \u017ee va\u0161a webov\u00e1 str\u00e1nka je plne responz\u00edvna a optimalizovan\u00e1 pre zobrazenie na r\u00f4znych zariadeniach, vr\u00e1tane po\u010d\u00edta\u010dov, tabletov a smartf\u00f3nov.<\/li>\n\n\n\n<li><strong>V\u00fdvoj a implement\u00e1cia<\/strong>: Na\u0161i sk\u00fasen\u00ed v\u00fdvoj\u00e1ri pracuj\u00fa na implement\u00e1cii va\u0161ich po\u017eiadaviek a funkcional\u00edt, \u010di u\u017e ide o jednoduch\u00fa webov\u00fa str\u00e1nku, blog, internetov\u00fd obchod alebo komplexn\u00fd webov\u00fd port\u00e1l.<\/li>\n\n\n\n<li><strong>Optimaliz\u00e1cia pre vyh\u013ead\u00e1va\u010de (SEO)<\/strong>: Zabezpe\u010dujeme, \u017ee va\u0161a webov\u00e1 str\u00e1nka je optimalizovan\u00e1 pre vyh\u013ead\u00e1va\u010de, \u010do zvy\u0161uje jej vidite\u013enos\u0165 a umo\u017e\u0148uje \u013eah\u0161ie n\u00e1jdenie vo v\u00fdsledkoch vyh\u013ead\u00e1vania.<\/li>\n\n\n\n<li><strong>Podpora a \u00fadr\u017eba<\/strong>: Po dokon\u010den\u00ed projektu sme tu, aby sme v\u00e1m poskytli podporu a \u00fadr\u017ebu v\u00e1\u0161ho webu, aby ste mohli udr\u017ea\u0165 svoju online pr\u00edtomnos\u0165 aktu\u00e1lnu a bezprobl\u00e9mov\u00fa.<\/li>\n<\/ol>\n\n\n\n<p>Nechajte n\u00e1s v\u00e1m pom\u00f4c\u0165 vytvori\u0165 webov\u00fa str\u00e1nku, ktor\u00e1 v\u00e1m pom\u00f4\u017ee vyr\u00e1s\u0165 a prosperova\u0165 online. Kontaktujte n\u00e1s e\u0161te dnes a za\u010dnite s tvorbou va\u0161ej nov\u00e9 webovej str\u00e1nky!<\/p>\n","protected":false},"excerpt":{"rendered":"<p>Sme v\u00e1\u0161 spo\u013eahliv\u00fd partner pre vytv\u00e1ranie modern\u00fdch a atrakt\u00edvnych webov\u00fdch str\u00e1nok, ktor\u00e9 pom\u00f4\u017eu posilni\u0165 va\u0161u online pr\u00edtomnos\u0165 a dosiahnu\u0165 va\u0161e podnikate\u013esk\u00e9 ciele. S na\u0161\u00edm sk\u00fasen\u00fdm t\u00edmom dizajn\u00e9rov a v\u00fdvoj\u00e1rov sme pripraven\u00ed poskytn\u00fa\u0165 v\u00e1m webov\u00e9 rie\u0161enia, ktor\u00e9 presne vyhovuj\u00fa va\u0161im potreb\u00e1m a o\u010dak\u00e1vaniam. Na\u0161a slu\u017eba Tvorba webov\u00fdch str\u00e1nok zah\u0155\u0148a: Nechajte n\u00e1s v\u00e1m pom\u00f4c\u0165 vytvori\u0165 webov\u00fa str\u00e1nku, &hellip; <\/p>\n","protected":false},"author":1,"featured_media":0,"parent":0,"menu_order":0,"comment_status":"closed","ping_status":"closed","template":"","meta":{"footnotes":""},"class_list":["post-221","page","type-page","status-publish","hentry"],"_links":{"self":[{"href":"https:\/\/www.profinetworks.sk\/index.php\/wp-json\/wp\/v2\/pages\/221","targetHints":{"allow":["GET"]}}],"collection":[{"href":"https:\/\/www.profinetworks.sk\/index.php\/wp-json\/wp\/v2\/pages"}],"about":[{"href":"https:\/\/www.profinetworks.sk\/index.php\/wp-json\/wp\/v2\/types\/page"}],"author":[{"embeddable":true,"href":"https:\/\/www.profinetworks.sk\/index.php\/wp-json\/wp\/v2\/users\/1"}],"replies":[{"embeddable":true,"href":"https:\/\/www.profinetworks.sk\/index.php\/wp-json\/wp\/v2\/comments?post=221"}],"version-history":[{"count":1,"href":"https:\/\/www.profinetworks.sk\/index.php\/wp-json\/wp\/v2\/pages\/221\/revisions"}],"predecessor-version":[{"id":223,"href":"https:\/\/www.profinetworks.sk\/index.php\/wp-json\/wp\/v2\/pages\/221\/revisions\/223"}],"wp:attachment":[{"href":"https:\/\/www.profinetworks.sk\/index.php\/wp-json\/wp\/v2\/media?parent=221"}],"curies":[{"name":"wp","href":"https:\/\/api.w.org\/{rel}","templated":true}]}}