{"id":9,"date":"2024-03-21T21:31:24","date_gmt":"2024-03-21T20:31:24","guid":{"rendered":"https:\/\/www.profinetworks.sk\/?page_id=9"},"modified":"2024-11-09T13:40:08","modified_gmt":"2024-11-09T12:40:08","slug":"o-nas","status":"publish","type":"page","link":"https:\/\/www.profinetworks.sk\/","title":{"rendered":"O n\u00e1s"},"content":{"rendered":"\n<p>\ud83c\udf1f <strong>Profinetworks \u2013 Technol\u00f3gie pre v\u00e1\u0161 rast<\/strong><\/p>\n\n\n\n<p>V Profinetworks ch\u00e1peme, \u017ee dne\u0161n\u00fd digit\u00e1lny svet sa neust\u00e1le men\u00ed a modern\u00e9 technol\u00f3gie s\u00fa nevyhnutn\u00fdm predpokladom pre konkurencieschopnos\u0165 a rast. Sme v\u00e1\u0161 spo\u013eahliv\u00fd partner v oblasti IT, ktor\u00fd sa zameriava na prisp\u00f4soben\u00e9 rie\u0161enia s jasn\u00fdm cie\u013eom \u2013 pom\u00f4c\u0165 v\u00e1m dosiahnu\u0165 maxim\u00e1lny potenci\u00e1l v\u00e1\u0161ho podnikania.<\/p>\n\n\n\n<h3 class=\"wp-block-heading\">\ud83d\ude80 <strong>Pre\u010do spolupracova\u0165 s nami?<\/strong><\/h3>\n\n\n\n<p>S nami m\u00e1te pr\u00edstup k technol\u00f3gi\u00e1m, ktor\u00e9 optimalizuj\u00fa a zjednodu\u0161uj\u00fa chod va\u0161ich IT procesov. Na\u0161im cie\u013eom je umo\u017eni\u0165 v\u00e1m s\u00fastredi\u0165 sa na v\u00e1\u0161 hlavn\u00fd biznis, zatia\u013e \u010do sa my postar\u00e1me o va\u0161u IT infra\u0161trukt\u00faru a bezpe\u010dnos\u0165.<\/p>\n\n\n\n<ul class=\"wp-block-list\">\n<li><strong>Zabezpe\u010denie a spo\u013eahlivos\u0165<\/strong><br>Pracujeme s vysok\u00fdmi bezpe\u010dnostn\u00fdmi \u0161tandardmi, ktor\u00e9 chr\u00e1nia va\u0161e d\u00e1ta pred ak\u00fdmko\u013evek rizikom, \u010d\u00edm v\u00e1m prin\u00e1\u0161ame pokoj a istotu.<\/li>\n\n\n\n<li><strong>Moderniz\u00e1cia cez migr\u00e1cie do Office 365<\/strong><br>Chcete sa posun\u00fa\u0165 na vy\u0161\u0161iu \u00farove\u0148? Migr\u00e1cia do Office 365 je n\u00e1\u0161 \u0161pecializovan\u00fd proces, ktor\u00fd prispieva k flexibilite a pr\u00edstupnosti va\u0161ich firemn\u00fdch \u00fadajov odkia\u013eko\u013evek. Na\u0161a podpora v\u00e1m zaist\u00ed hladk\u00fd a bezpe\u010dn\u00fd prechod do cloudu s minim\u00e1lnymi preru\u0161eniami.<\/li>\n\n\n\n<li><strong>Dlhodob\u00e9 partnerstvo<\/strong><br>Sme tu na to, aby sme v\u00e1m pon\u00fakli viac ne\u017e len rie\u0161enia. Na\u0161a v\u00edzia je dlhodob\u00e1 spolupr\u00e1ca, zalo\u017een\u00e1 na d\u00f4vere a kvalite, ktor\u00fa prin\u00e1\u0161ame ka\u017ed\u00fdm projektom.<\/li>\n\n\n\n<li><strong>Sk\u00fasen\u00fd t\u00edm<\/strong><br>Na\u0161i odborn\u00edci s\u00fa pripraven\u00ed poskytova\u0165 v\u00e1m modern\u00e9 a prisp\u00f4soben\u00e9 rie\u0161enia s cie\u013eom naplni\u0165 aj tie najvy\u0161\u0161ie o\u010dak\u00e1vania.<\/li>\n<\/ul>\n\n\n\n<hr class=\"wp-block-separator has-alpha-channel-opacity\"\/>\n\n\n\n<p><strong>Kontaktujte n\u00e1s e\u0161te dnes a zistite, ako v\u00e1m Profinetworks m\u00f4\u017ee pom\u00f4c\u0165 transformova\u0165 v\u00e1\u0161 IT syst\u00e9m a prispie\u0165 k \u00faspechu v\u00e1\u0161ho podnikania<\/strong><\/p>\n","protected":false},"excerpt":{"rendered":"<p>\ud83c\udf1f Profinetworks \u2013 Technol\u00f3gie pre v\u00e1\u0161 rast V Profinetworks ch\u00e1peme, \u017ee dne\u0161n\u00fd digit\u00e1lny svet sa neust\u00e1le men\u00ed a modern\u00e9 technol\u00f3gie s\u00fa nevyhnutn\u00fdm predpokladom pre konkurencieschopnos\u0165 a rast. Sme v\u00e1\u0161 spo\u013eahliv\u00fd partner v oblasti IT, ktor\u00fd sa zameriava na prisp\u00f4soben\u00e9 rie\u0161enia s jasn\u00fdm cie\u013eom \u2013 pom\u00f4c\u0165 v\u00e1m dosiahnu\u0165 maxim\u00e1lny potenci\u00e1l v\u00e1\u0161ho podnikania. \ud83d\ude80 Pre\u010do spolupracova\u0165 s &hellip; <\/p>\n","protected":false},"author":1,"featured_media":0,"parent":0,"menu_order":0,"comment_status":"closed","ping_status":"closed","template":"","meta":{"footnotes":""},"class_list":["post-9","page","type-page","status-publish","hentry"],"_links":{"self":[{"href":"https:\/\/www.profinetworks.sk\/index.php\/wp-json\/wp\/v2\/pages\/9","targetHints":{"allow":["GET"]}}],"collection":[{"href":"https:\/\/www.profinetworks.sk\/index.php\/wp-json\/wp\/v2\/pages"}],"about":[{"href":"https:\/\/www.profinetworks.sk\/index.php\/wp-json\/wp\/v2\/types\/page"}],"author":[{"embeddable":true,"href":"https:\/\/www.profinetworks.sk\/index.php\/wp-json\/wp\/v2\/users\/1"}],"replies":[{"embeddable":true,"href":"https:\/\/www.profinetworks.sk\/index.php\/wp-json\/wp\/v2\/comments?post=9"}],"version-history":[{"count":12,"href":"https:\/\/www.profinetworks.sk\/index.php\/wp-json\/wp\/v2\/pages\/9\/revisions"}],"predecessor-version":[{"id":427,"href":"https:\/\/www.profinetworks.sk\/index.php\/wp-json\/wp\/v2\/pages\/9\/revisions\/427"}],"wp:attachment":[{"href":"https:\/\/www.profinetworks.sk\/index.php\/wp-json\/wp\/v2\/media?parent=9"}],"curies":[{"name":"wp","href":"https:\/\/api.w.org\/{rel}","templated":true}]}}